{"id":326,"date":"2023-11-16T15:47:46","date_gmt":"2023-11-16T14:47:46","guid":{"rendered":"https:\/\/skp-werbeagentur.de\/kunden\/weirauch\/?page_id=326"},"modified":"2024-06-06T11:21:10","modified_gmt":"2024-06-06T09:21:10","slug":"terminanfrage-hauswirtschaftsraum","status":"publish","type":"page","link":"https:\/\/skp-werbeagentur.de\/kunden\/weirauch\/terminanfrage-hauswirtschaftsraum\/","title":{"rendered":"Terminanfrage Hauswirtschaftsraum"},"content":{"rendered":"\t\t<div data-elementor-type=\"wp-page\" data-elementor-id=\"326\" class=\"elementor elementor-326\" data-elementor-post-type=\"page\">\n\t\t\t\t\t\t<section class=\"elementor-section elementor-top-section elementor-element elementor-element-0bfcff9 weirauch-form elementor-section-boxed elementor-section-height-default elementor-section-height-default\" data-id=\"0bfcff9\" data-element_type=\"section\">\n\t\t\t\t\t\t<div class=\"elementor-container elementor-column-gap-default\">\n\t\t\t\t\t<div class=\"elementor-column elementor-col-100 elementor-top-column elementor-element elementor-element-8445cb8\" data-id=\"8445cb8\" data-element_type=\"column\">\n\t\t\t<div class=\"elementor-widget-wrap elementor-element-populated\">\n\t\t\t\t\t\t<section class=\"elementor-section elementor-inner-section elementor-element elementor-element-1784156 elementor-section-boxed elementor-section-height-default elementor-section-height-default\" data-id=\"1784156\" data-element_type=\"section\">\n\t\t\t\t\t\t<div class=\"elementor-container elementor-column-gap-default\">\n\t\t\t\t\t<div class=\"elementor-column elementor-col-100 elementor-inner-column elementor-element elementor-element-d93962e\" data-id=\"d93962e\" data-element_type=\"column\">\n\t\t\t<div class=\"elementor-widget-wrap elementor-element-populated\">\n\t\t\t\t\t\t<div class=\"elementor-element elementor-element-0808e90 elementor-widget elementor-widget-html\" data-id=\"0808e90\" data-element_type=\"widget\" data-widget_type=\"html.default\">\n\t\t\t\t<div class=\"elementor-widget-container\">\n\t\t\t\t\t<style>\n    .elementor-field-group .elementor-field-textual {\n    color: rgba(74,74,74,1) !important;\n    opacity: 1 !important;\n}\n<\/style>\t\t\t\t<\/div>\n\t\t\t\t<\/div>\n\t\t\t\t<div class=\"elementor-element elementor-element-360abe8 elementor-widget elementor-widget-image\" data-id=\"360abe8\" data-element_type=\"widget\" data-widget_type=\"image.default\">\n\t\t\t\t<div class=\"elementor-widget-container\">\n\t\t\t\t\t\t\t\t\t\t\t\t\t\t\t<img fetchpriority=\"high\" decoding=\"async\" width=\"800\" height=\"192\" src=\"https:\/\/skp-werbeagentur.de\/kunden\/weirauch\/wp-content\/uploads\/2023\/11\/termin-hwr-1024x246.jpg\" class=\"attachment-large size-large wp-image-331\" alt=\"\" srcset=\"https:\/\/skp-werbeagentur.de\/kunden\/weirauch\/wp-content\/uploads\/2023\/11\/termin-hwr-1024x246.jpg 1024w, https:\/\/skp-werbeagentur.de\/kunden\/weirauch\/wp-content\/uploads\/2023\/11\/termin-hwr-300x72.jpg 300w, https:\/\/skp-werbeagentur.de\/kunden\/weirauch\/wp-content\/uploads\/2023\/11\/termin-hwr-768x185.jpg 768w, https:\/\/skp-werbeagentur.de\/kunden\/weirauch\/wp-content\/uploads\/2023\/11\/termin-hwr.jpg 1536w\" sizes=\"(max-width: 800px) 100vw, 800px\" \/>\t\t\t\t\t\t\t\t\t\t\t\t\t\t\t<\/div>\n\t\t\t\t<\/div>\n\t\t\t\t<div class=\"elementor-element elementor-element-b21c0a0 h3 elementor-widget elementor-widget-heading\" data-id=\"b21c0a0\" data-element_type=\"widget\" data-widget_type=\"heading.default\">\n\t\t\t\t<div class=\"elementor-widget-container\">\n\t\t\t\t\t<h2 class=\"elementor-heading-title elementor-size-default\">Termin f\u00fcr Ihre pers\u00f6nliche Beratung<\/h2>\t\t\t\t<\/div>\n\t\t\t\t<\/div>\n\t\t\t\t<div class=\"elementor-element elementor-element-4242d80 elementor-widget elementor-widget-text-editor\" data-id=\"4242d80\" data-element_type=\"widget\" data-widget_type=\"text-editor.default\">\n\t\t\t\t<div class=\"elementor-widget-container\">\n\t\t\t\t\t\t\t\t\t<p>Um Ihnen eine umfassende Beratung und Planung fu\u0308r Ihren neuen Hauswirtschaftsraum garantieren zu k\u00f6nnen, vereinbaren Sie am besten einen unverbindlichen Beratungstermin in unserem Ku\u0308chenstudio.<\/p><p><strong>Wir rufen Sie zur genauen Terminvereinbarung zur\u00fcck oder benachrichtigen Sie per E-Mail u\u0308ber den n\u00e4chstm\u00f6glichen Beratungstermin.<\/strong><\/p>\t\t\t\t\t\t\t\t<\/div>\n\t\t\t\t<\/div>\n\t\t\t\t\t<\/div>\n\t\t<\/div>\n\t\t\t\t\t<\/div>\n\t\t<\/section>\n\t\t\t\t<div class=\"elementor-element elementor-element-d67b159 elementor-button-align-stretch elementor-widget elementor-widget-form\" data-id=\"d67b159\" data-element_type=\"widget\" data-settings=\"{&quot;step_next_label&quot;:&quot;N\\u00e4chster&quot;,&quot;step_previous_label&quot;:&quot;Voriger&quot;,&quot;button_width&quot;:&quot;100&quot;,&quot;step_type&quot;:&quot;number_text&quot;,&quot;step_icon_shape&quot;:&quot;circle&quot;}\" data-widget_type=\"form.default\">\n\t\t\t\t<div class=\"elementor-widget-container\">\n\t\t\t\t\t\t\t<form class=\"elementor-form\" method=\"post\" name=\"Neues Formular\">\n\t\t\t<input type=\"hidden\" name=\"post_id\" value=\"326\"\/>\n\t\t\t<input type=\"hidden\" name=\"form_id\" value=\"d67b159\"\/>\n\t\t\t<input type=\"hidden\" name=\"referer_title\" value=\"\" \/>\n\n\t\t\t\n\t\t\t<div class=\"elementor-form-fields-wrapper elementor-labels-above\">\n\t\t\t\t\t\t\t\t<div class=\"elementor-field-type-text elementor-field-group elementor-column elementor-field-group-vorname elementor-col-50 elementor-field-required\">\n\t\t\t\t\t\t\t\t\t\t\t\t<label for=\"form-field-vorname\" class=\"elementor-field-label\">\n\t\t\t\t\t\t\t\tVorname\t\t\t\t\t\t\t<\/label>\n\t\t\t\t\t\t\t\t\t\t\t\t\t\t<input size=\"1\" type=\"text\" name=\"form_fields[vorname]\" id=\"form-field-vorname\" class=\"elementor-field elementor-size-lg  elementor-field-textual\" placeholder=\"Vorname*\" required=\"required\">\n\t\t\t\t\t\t\t\t\t\t\t<\/div>\n\t\t\t\t\t\t\t\t<div class=\"elementor-field-type-text elementor-field-group elementor-column elementor-field-group-nachname elementor-col-50 elementor-field-required\">\n\t\t\t\t\t\t\t\t\t\t\t\t<label for=\"form-field-nachname\" class=\"elementor-field-label\">\n\t\t\t\t\t\t\t\tNachname\t\t\t\t\t\t\t<\/label>\n\t\t\t\t\t\t\t\t\t\t\t\t\t\t<input size=\"1\" type=\"text\" name=\"form_fields[nachname]\" id=\"form-field-nachname\" class=\"elementor-field elementor-size-lg  elementor-field-textual\" placeholder=\"Nachname*\" required=\"required\">\n\t\t\t\t\t\t\t\t\t\t\t<\/div>\n\t\t\t\t\t\t\t\t<div class=\"elementor-field-type-text elementor-field-group elementor-column elementor-field-group-field_c148e81 elementor-col-50\">\n\t\t\t\t\t\t\t\t\t\t\t\t<label for=\"form-field-field_c148e81\" class=\"elementor-field-label\">\n\t\t\t\t\t\t\t\tTelefon\t\t\t\t\t\t\t<\/label>\n\t\t\t\t\t\t\t\t\t\t\t\t\t\t<input size=\"1\" type=\"text\" name=\"form_fields[field_c148e81]\" id=\"form-field-field_c148e81\" class=\"elementor-field elementor-size-lg  elementor-field-textual\" placeholder=\"Telefon\">\n\t\t\t\t\t\t\t\t\t\t\t<\/div>\n\t\t\t\t\t\t\t\t<div class=\"elementor-field-type-email elementor-field-group elementor-column elementor-field-group-email elementor-col-50 elementor-field-required\">\n\t\t\t\t\t\t\t\t\t\t\t\t<label for=\"form-field-email\" class=\"elementor-field-label\">\n\t\t\t\t\t\t\t\tE-Mail\t\t\t\t\t\t\t<\/label>\n\t\t\t\t\t\t\t\t\t\t\t\t\t\t<input size=\"1\" type=\"email\" name=\"form_fields[email]\" id=\"form-field-email\" class=\"elementor-field elementor-size-lg  elementor-field-textual\" placeholder=\"E-Mail*\" required=\"required\">\n\t\t\t\t\t\t\t\t\t\t\t<\/div>\n\t\t\t\t\t\t\t\t<div class=\"elementor-field-type-text elementor-field-group elementor-column elementor-field-group-kaufvertrag elementor-col-50\">\n\t\t\t\t\t\t\t\t\t\t\t\t<label for=\"form-field-kaufvertrag\" class=\"elementor-field-label\">\n\t\t\t\t\t\t\t\tKaufvertrags-Nr. (falls vorhanden)\t\t\t\t\t\t\t<\/label>\n\t\t\t\t\t\t\t\t\t\t\t\t\t\t<input size=\"1\" type=\"text\" name=\"form_fields[kaufvertrag]\" id=\"form-field-kaufvertrag\" class=\"elementor-field elementor-size-lg  elementor-field-textual\" placeholder=\"Kaufvertrags-Nr. (falls vorhanden)\">\n\t\t\t\t\t\t\t\t\t\t\t<\/div>\n\t\t\t\t\t\t\t\t<div class=\"elementor-field-type-text elementor-field-group elementor-column elementor-field-group-field_4e837b0 elementor-col-50\">\n\t\t\t\t\t\t\t\t\t\t\t\t<label for=\"form-field-field_4e837b0\" class=\"elementor-field-label\">\n\t\t\t\t\t\t\t\tKundennummer (falls vorhanden)\t\t\t\t\t\t\t<\/label>\n\t\t\t\t\t\t\t\t\t\t\t\t\t\t<input size=\"1\" type=\"text\" name=\"form_fields[field_4e837b0]\" id=\"form-field-field_4e837b0\" class=\"elementor-field elementor-size-lg  elementor-field-textual\" placeholder=\"Kundennummer (falls vorhanden)\">\n\t\t\t\t\t\t\t\t\t\t\t<\/div>\n\t\t\t\t\t\t\t\t<div class=\"elementor-field-type-html elementor-field-group elementor-column elementor-field-group-field_8130cb0 elementor-col-50\">\n\t\t\t\t\t<p>Interessieren Sie sich f\u00fcr einen bestimmten Stil?<\/p>\t\t\t\t<\/div>\n\t\t\t\t\t\t\t\t<div class=\"elementor-field-type-radio elementor-field-group elementor-column elementor-field-group-field_c0a21c7 elementor-col-50\">\n\t\t\t\t\t\t\t\t\t\t\t\t<label for=\"form-field-field_c0a21c7\" class=\"elementor-field-label\">\n\t\t\t\t\t\t\t\tStil Radio\t\t\t\t\t\t\t<\/label>\n\t\t\t\t\t\t<div class=\"elementor-field-subgroup  elementor-subgroup-inline\"><span class=\"elementor-field-option\"><input type=\"radio\" value=\"Hell\" id=\"form-field-field_c0a21c7-0\" name=\"form_fields[field_c0a21c7]\"> <label for=\"form-field-field_c0a21c7-0\">Hell<\/label><\/span><span class=\"elementor-field-option\"><input type=\"radio\" value=\"Dunkel\" id=\"form-field-field_c0a21c7-1\" name=\"form_fields[field_c0a21c7]\"> <label for=\"form-field-field_c0a21c7-1\">Dunkel<\/label><\/span><\/div>\t\t\t\t<\/div>\n\t\t\t\t\t\t\t\t<div class=\"elementor-field-type-text elementor-field-group elementor-column elementor-field-group-field_7a1d691 elementor-col-33\">\n\t\t\t\t\t\t\t\t\t\t\t\t<label for=\"form-field-field_7a1d691\" class=\"elementor-field-label\">\n\t\t\t\t\t\t\t\tMa\u00dfe\t\t\t\t\t\t\t<\/label>\n\t\t\t\t\t\t\t\t\t\t\t\t\t\t<input size=\"1\" type=\"text\" name=\"form_fields[field_7a1d691]\" id=\"form-field-field_7a1d691\" class=\"elementor-field elementor-size-lg  elementor-field-textual\" placeholder=\"Ma\u00dfe des Raums\">\n\t\t\t\t\t\t\t\t\t\t\t<\/div>\n\t\t\t\t\t\t\t\t<div class=\"elementor-field-type-html elementor-field-group elementor-column elementor-field-group-field_01132c0 elementor-col-33\">\n\t\t\t\t\t<p>Grundriss\/Bilder des Raums hochladen:<br>(max. 6 Dateien)<\/p>\t\t\t\t<\/div>\n\t\t\t\t\t\t\t\t<div class=\"elementor-field-type-upload elementor-field-group elementor-column elementor-field-group-field_7e73c10 elementor-col-33\">\n\t\t\t\t\t\t\t\t\t\t\t\t<label for=\"form-field-field_7e73c10\" class=\"elementor-field-label\">\n\t\t\t\t\t\t\t\tUpload\t\t\t\t\t\t\t<\/label>\n\t\t\t\t\t\t\t\t<input type=\"file\" name=\"form_fields[field_7e73c10][]\" id=\"form-field-field_7e73c10\" class=\"elementor-field elementor-size-lg  elementor-upload-field\" multiple=\"multiple\" data-maxsize=\"20\" data-maxsize-message=\"Diese Datei \u00fcbersteigt die maximale Dateigr\u00f6\u00dfe.\">\n\n\t\t\t\t\t\t<\/div>\n\t\t\t\t\t\t\t\t<div class=\"elementor-field-type-html elementor-field-group elementor-column elementor-field-group-field_c72a537 elementor-col-100\">\n\t\t\t\t\t<p><strong>Welche Ausstattung ist gew\u00fcnscht?<\/strong><\/p>\t\t\t\t<\/div>\n\t\t\t\t\t\t\t\t<div class=\"elementor-field-type-checkbox elementor-field-group elementor-column elementor-field-group-field_0449dbb elementor-col-50\">\n\t\t\t\t\t\t\t\t\t\t\t\t<label for=\"form-field-field_0449dbb\" class=\"elementor-field-label\">\n\t\t\t\t\t\t\t\tAuswahl\t\t\t\t\t\t\t<\/label>\n\t\t\t\t\t\t<div class=\"elementor-field-subgroup  \"><span class=\"elementor-field-option\"><input type=\"checkbox\" value=\"Waschmaschinenplatz hochgebaut\" id=\"form-field-field_0449dbb-0\" name=\"form_fields[field_0449dbb][]\"> <label for=\"form-field-field_0449dbb-0\">Waschmaschinenplatz hochgebaut<\/label><\/span><span class=\"elementor-field-option\"><input type=\"checkbox\" value=\"Waschmaschinenplatz unter der Arbeitsplatte\" id=\"form-field-field_0449dbb-1\" name=\"form_fields[field_0449dbb][]\"> <label for=\"form-field-field_0449dbb-1\">Waschmaschinenplatz unter der Arbeitsplatte<\/label><\/span><span class=\"elementor-field-option\"><input type=\"checkbox\" value=\"Spu\u0308le mit Armatur\" id=\"form-field-field_0449dbb-2\" name=\"form_fields[field_0449dbb][]\"> <label for=\"form-field-field_0449dbb-2\">Spu\u0308le mit Armatur<\/label><\/span><span class=\"elementor-field-option\"><input type=\"checkbox\" value=\"W\u00e4schesortierschrank\" id=\"form-field-field_0449dbb-3\" name=\"form_fields[field_0449dbb][]\"> <label for=\"form-field-field_0449dbb-3\">W\u00e4schesortierschrank<\/label><\/span><span class=\"elementor-field-option\"><input type=\"checkbox\" value=\"Besenschrank\" id=\"form-field-field_0449dbb-4\" name=\"form_fields[field_0449dbb][]\"> <label for=\"form-field-field_0449dbb-4\">Besenschrank<\/label><\/span><span class=\"elementor-field-option\"><input type=\"checkbox\" value=\"Schuhschrank\" id=\"form-field-field_0449dbb-5\" name=\"form_fields[field_0449dbb][]\"> <label for=\"form-field-field_0449dbb-5\">Schuhschrank<\/label><\/span><\/div>\t\t\t\t<\/div>\n\t\t\t\t\t\t\t\t<div class=\"elementor-field-type-checkbox elementor-field-group elementor-column elementor-field-group-field_3d4ba44 elementor-col-50\">\n\t\t\t\t\t\t\t\t\t\t\t\t<label for=\"form-field-field_3d4ba44\" class=\"elementor-field-label\">\n\t\t\t\t\t\t\t\tAuswahl\t\t\t\t\t\t\t<\/label>\n\t\t\t\t\t\t<div class=\"elementor-field-subgroup  \"><span class=\"elementor-field-option\"><input type=\"checkbox\" value=\"Mu\u0308lltrennung\" id=\"form-field-field_3d4ba44-0\" name=\"form_fields[field_3d4ba44][]\"> <label for=\"form-field-field_3d4ba44-0\">Mu\u0308lltrennung<\/label><\/span><span class=\"elementor-field-option\"><input type=\"checkbox\" value=\"Kleidungsschrank\" id=\"form-field-field_3d4ba44-1\" name=\"form_fields[field_3d4ba44][]\"> <label for=\"form-field-field_3d4ba44-1\">Kleidungsschrank<\/label><\/span><span class=\"elementor-field-option\"><input type=\"checkbox\" value=\"Getr\u00e4nkeschrank\" id=\"form-field-field_3d4ba44-2\" name=\"form_fields[field_3d4ba44][]\"> <label for=\"form-field-field_3d4ba44-2\">Getr\u00e4nkeschrank<\/label><\/span><span class=\"elementor-field-option\"><input type=\"checkbox\" value=\"Vorratsschrank\" id=\"form-field-field_3d4ba44-3\" name=\"form_fields[field_3d4ba44][]\"> <label for=\"form-field-field_3d4ba44-3\">Vorratsschrank<\/label><\/span><span class=\"elementor-field-option\"><input type=\"checkbox\" value=\"Viele Auszu\u0308ge\" id=\"form-field-field_3d4ba44-4\" name=\"form_fields[field_3d4ba44][]\"> <label for=\"form-field-field_3d4ba44-4\">Viele Auszu\u0308ge<\/label><\/span><span class=\"elementor-field-option\"><input type=\"checkbox\" value=\"Arbeitsfl\u00e4che\" id=\"form-field-field_3d4ba44-5\" name=\"form_fields[field_3d4ba44][]\"> <label for=\"form-field-field_3d4ba44-5\">Arbeitsfl\u00e4che<\/label><\/span><\/div>\t\t\t\t<\/div>\n\t\t\t\t\t\t\t\t<div class=\"elementor-field-type-textarea elementor-field-group elementor-column elementor-field-group-message elementor-col-100 elementor-field-required\">\n\t\t\t\t\t\t\t\t\t\t\t\t<label for=\"form-field-message\" class=\"elementor-field-label\">\n\t\t\t\t\t\t\t\tZusatzinformationen\t\t\t\t\t\t\t<\/label>\n\t\t\t\t\t\t<textarea class=\"elementor-field-textual elementor-field  elementor-size-lg\" name=\"form_fields[message]\" id=\"form-field-message\" rows=\"4\" placeholder=\"Was ist Ihnen bei Ihrem Hauswirtschaftsraum besonders wichtig?\" required=\"required\"><\/textarea>\t\t\t\t<\/div>\n\t\t\t\t\t\t\t\t<div class=\"elementor-field-type-acceptance elementor-field-group elementor-column elementor-field-group-field_432b33c elementor-col-100 elementor-field-required\">\n\t\t\t\t\t\t\t<div class=\"elementor-field-subgroup\">\n\t\t\t<span class=\"elementor-field-option\">\n\t\t\t\t<input type=\"checkbox\" name=\"form_fields[field_432b33c]\" id=\"form-field-field_432b33c\" class=\"elementor-field elementor-size-lg  elementor-acceptance-field\" required=\"required\">\n\t\t\t\t<label for=\"form-field-field_432b33c\">Ich stimme zu, dass meine Angaben aus dem Kontaktformular zur Bearbeitung meiner Anfrage erhoben und verarbeitet werden. Die Daten werden nach abgeschlossener Bearbeitung Ihrer Anfrage gel\u00f6scht. Sie k\u00f6nnen Ihre Einwilligung jederzeit f\u00fcr die Zukunft per E-Mail an <a href=\"mailto:info@moebel-weirauch.de\">info@moebel-weirauch.de<\/a> widerrufen. Detaillierte Informationen zum Umgang mit Nutzerdaten finden Sie in unserer <a href=\"https:\/\/moebel-weirauch.de\/datenschutz\" target=\"_blank\">Datenschutzerkl\u00e4rung.<\/a> Mit einem *gekennzeichnete Felder sind Pflichtfelder.<\/label>\t\t\t<\/span>\n\t\t<\/div>\n\t\t\t\t\t\t<\/div>\n\t\t\t\t\t\t\t\t<div class=\"elementor-field-group elementor-column elementor-field-type-submit elementor-col-100 e-form__buttons\">\n\t\t\t\t\t<button class=\"elementor-button elementor-size-sm\" type=\"submit\">\n\t\t\t\t\t\t<span class=\"elementor-button-content-wrapper\">\n\t\t\t\t\t\t\t\t\t\t\t\t\t\t\t\t\t\t\t\t\t\t<span class=\"elementor-button-text\">Anfrage senden<\/span>\n\t\t\t\t\t\t\t\t\t\t\t\t\t<\/span>\n\t\t\t\t\t<\/button>\n\t\t\t\t<\/div>\n\t\t\t<\/div>\n\t\t<\/form>\n\t\t\t\t\t\t<\/div>\n\t\t\t\t<\/div>\n\t\t\t\t\t<\/div>\n\t\t<\/div>\n\t\t\t\t\t<\/div>\n\t\t<\/section>\n\t\t\t\t<\/div>\n\t\t","protected":false},"excerpt":{"rendered":"<p>Termin f\u00fcr Ihre pers\u00f6nliche Beratung Um Ihnen eine umfassende Beratung und Planung fu\u0308r Ihren neuen Hauswirtschaftsraum garantieren zu k\u00f6nnen, vereinbaren Sie am besten einen unverbindlichen Beratungstermin in unserem Ku\u0308chenstudio. Wir rufen Sie zur genauen Terminvereinbarung zur\u00fcck oder benachrichtigen Sie per E-Mail u\u0308ber den n\u00e4chstm\u00f6glichen Beratungstermin.<\/p>\n","protected":false},"author":1,"featured_media":0,"parent":0,"menu_order":0,"comment_status":"closed","ping_status":"closed","template":"","meta":{"footnotes":""},"class_list":["post-326","page","type-page","status-publish","hentry"],"_links":{"self":[{"href":"https:\/\/skp-werbeagentur.de\/kunden\/weirauch\/wp-json\/wp\/v2\/pages\/326","targetHints":{"allow":["GET"]}}],"collection":[{"href":"https:\/\/skp-werbeagentur.de\/kunden\/weirauch\/wp-json\/wp\/v2\/pages"}],"about":[{"href":"https:\/\/skp-werbeagentur.de\/kunden\/weirauch\/wp-json\/wp\/v2\/types\/page"}],"author":[{"embeddable":true,"href":"https:\/\/skp-werbeagentur.de\/kunden\/weirauch\/wp-json\/wp\/v2\/users\/1"}],"replies":[{"embeddable":true,"href":"https:\/\/skp-werbeagentur.de\/kunden\/weirauch\/wp-json\/wp\/v2\/comments?post=326"}],"version-history":[{"count":55,"href":"https:\/\/skp-werbeagentur.de\/kunden\/weirauch\/wp-json\/wp\/v2\/pages\/326\/revisions"}],"predecessor-version":[{"id":684,"href":"https:\/\/skp-werbeagentur.de\/kunden\/weirauch\/wp-json\/wp\/v2\/pages\/326\/revisions\/684"}],"wp:attachment":[{"href":"https:\/\/skp-werbeagentur.de\/kunden\/weirauch\/wp-json\/wp\/v2\/media?parent=326"}],"curies":[{"name":"wp","href":"https:\/\/api.w.org\/{rel}","templated":true}]}}