{"id":555,"date":"2024-05-27T10:07:44","date_gmt":"2024-05-27T08:07:44","guid":{"rendered":"https:\/\/skp-werbeagentur.de\/kunden\/weirauch\/?page_id=555"},"modified":"2024-06-06T11:02:53","modified_gmt":"2024-06-06T09:02:53","slug":"terminanfrage-selection","status":"publish","type":"page","link":"https:\/\/skp-werbeagentur.de\/kunden\/weirauch\/terminanfrage-selection\/","title":{"rendered":"Terminanfrage Selection"},"content":{"rendered":"\t\t<div data-elementor-type=\"wp-page\" data-elementor-id=\"555\" class=\"elementor elementor-555\" data-elementor-post-type=\"page\">\n\t\t\t\t\t\t<section class=\"elementor-section elementor-top-section elementor-element elementor-element-0bfcff9 weirauch-form elementor-section-boxed elementor-section-height-default elementor-section-height-default\" data-id=\"0bfcff9\" data-element_type=\"section\">\n\t\t\t\t\t\t<div class=\"elementor-container elementor-column-gap-default\">\n\t\t\t\t\t<div class=\"elementor-column elementor-col-100 elementor-top-column elementor-element elementor-element-8445cb8\" data-id=\"8445cb8\" data-element_type=\"column\">\n\t\t\t<div class=\"elementor-widget-wrap elementor-element-populated\">\n\t\t\t\t\t\t<section class=\"elementor-section elementor-inner-section elementor-element elementor-element-1784156 elementor-section-boxed elementor-section-height-default elementor-section-height-default\" data-id=\"1784156\" data-element_type=\"section\">\n\t\t\t\t\t\t<div class=\"elementor-container elementor-column-gap-default\">\n\t\t\t\t\t<div class=\"elementor-column elementor-col-100 elementor-inner-column elementor-element elementor-element-d93962e\" data-id=\"d93962e\" data-element_type=\"column\">\n\t\t\t<div class=\"elementor-widget-wrap elementor-element-populated\">\n\t\t\t\t\t\t<div class=\"elementor-element elementor-element-0808e90 elementor-widget elementor-widget-html\" data-id=\"0808e90\" data-element_type=\"widget\" data-widget_type=\"html.default\">\n\t\t\t\t<div class=\"elementor-widget-container\">\n\t\t\t\t\t<style>\n    .elementor-field-group .elementor-field-textual {\n    color: rgba(74,74,74,1) !important;\n    opacity: 1 !important;\n}\n<\/style>\t\t\t\t<\/div>\n\t\t\t\t<\/div>\n\t\t\t\t<div class=\"elementor-element elementor-element-360abe8 elementor-widget elementor-widget-image\" data-id=\"360abe8\" data-element_type=\"widget\" data-widget_type=\"image.default\">\n\t\t\t\t<div class=\"elementor-widget-container\">\n\t\t\t\t\t\t\t\t\t\t\t\t\t\t\t<img fetchpriority=\"high\" decoding=\"async\" width=\"800\" height=\"189\" src=\"https:\/\/skp-werbeagentur.de\/kunden\/weirauch\/wp-content\/uploads\/2024\/05\/beratungstermin-selection-form-1024x242.jpg\" class=\"attachment-large size-large wp-image-558\" alt=\"\" srcset=\"https:\/\/skp-werbeagentur.de\/kunden\/weirauch\/wp-content\/uploads\/2024\/05\/beratungstermin-selection-form-1024x242.jpg 1024w, https:\/\/skp-werbeagentur.de\/kunden\/weirauch\/wp-content\/uploads\/2024\/05\/beratungstermin-selection-form-300x71.jpg 300w, https:\/\/skp-werbeagentur.de\/kunden\/weirauch\/wp-content\/uploads\/2024\/05\/beratungstermin-selection-form-768x182.jpg 768w, https:\/\/skp-werbeagentur.de\/kunden\/weirauch\/wp-content\/uploads\/2024\/05\/beratungstermin-selection-form.jpg 1100w\" sizes=\"(max-width: 800px) 100vw, 800px\" \/>\t\t\t\t\t\t\t\t\t\t\t\t\t\t\t<\/div>\n\t\t\t\t<\/div>\n\t\t\t\t<div class=\"elementor-element elementor-element-b21c0a0 h3 elementor-widget elementor-widget-heading\" data-id=\"b21c0a0\" data-element_type=\"widget\" data-widget_type=\"heading.default\">\n\t\t\t\t<div class=\"elementor-widget-container\">\n\t\t\t\t\t<h2 class=\"elementor-heading-title elementor-size-default\">Termin f\u00fcr Ihre pers\u00f6nliche Beratung\u200b<\/h2>\t\t\t\t<\/div>\n\t\t\t\t<\/div>\n\t\t\t\t<div class=\"elementor-element elementor-element-4242d80 elementor-widget elementor-widget-text-editor\" data-id=\"4242d80\" data-element_type=\"widget\" data-widget_type=\"text-editor.default\">\n\t\t\t\t<div class=\"elementor-widget-container\">\n\t\t\t\t\t\t\t\t\t<p>Um Ihnen eine umfassende Beratung garantieren zu k\u00f6nnen, vereinbaren Sie am besten einen unverbindlichen Beratungstermin bei uns.<\/p><p><strong>Wir rufen Sie zur genauen Terminvereinbarung zur\u00fcck oder benachrichtigen Sie per E-Mail u\u0308ber den n\u00e4chstm\u00f6glichen Beratungstermin.<\/strong><\/p>\t\t\t\t\t\t\t\t<\/div>\n\t\t\t\t<\/div>\n\t\t\t\t\t<\/div>\n\t\t<\/div>\n\t\t\t\t\t<\/div>\n\t\t<\/section>\n\t\t\t\t<div class=\"elementor-element elementor-element-d67b159 elementor-button-align-stretch elementor-widget elementor-widget-form\" data-id=\"d67b159\" data-element_type=\"widget\" data-settings=\"{&quot;step_next_label&quot;:&quot;N\\u00e4chster&quot;,&quot;step_previous_label&quot;:&quot;Voriger&quot;,&quot;button_width&quot;:&quot;100&quot;,&quot;step_type&quot;:&quot;number_text&quot;,&quot;step_icon_shape&quot;:&quot;circle&quot;}\" data-widget_type=\"form.default\">\n\t\t\t\t<div class=\"elementor-widget-container\">\n\t\t\t\t\t\t\t<form class=\"elementor-form\" method=\"post\" name=\"Neues Formular\">\n\t\t\t<input type=\"hidden\" name=\"post_id\" value=\"555\"\/>\n\t\t\t<input type=\"hidden\" name=\"form_id\" value=\"d67b159\"\/>\n\t\t\t<input type=\"hidden\" name=\"referer_title\" value=\"\" \/>\n\n\t\t\t\n\t\t\t<div class=\"elementor-form-fields-wrapper elementor-labels-above\">\n\t\t\t\t\t\t\t\t<div class=\"elementor-field-type-text elementor-field-group elementor-column elementor-field-group-vorname elementor-col-50 elementor-field-required\">\n\t\t\t\t\t\t\t\t\t\t\t\t<label for=\"form-field-vorname\" class=\"elementor-field-label\">\n\t\t\t\t\t\t\t\tVorname\t\t\t\t\t\t\t<\/label>\n\t\t\t\t\t\t\t\t\t\t\t\t\t\t<input size=\"1\" type=\"text\" name=\"form_fields[vorname]\" id=\"form-field-vorname\" class=\"elementor-field elementor-size-lg  elementor-field-textual\" placeholder=\"Vorname*\" required=\"required\">\n\t\t\t\t\t\t\t\t\t\t\t<\/div>\n\t\t\t\t\t\t\t\t<div class=\"elementor-field-type-text elementor-field-group elementor-column elementor-field-group-nachname elementor-col-50 elementor-field-required\">\n\t\t\t\t\t\t\t\t\t\t\t\t<label for=\"form-field-nachname\" class=\"elementor-field-label\">\n\t\t\t\t\t\t\t\tNachname\t\t\t\t\t\t\t<\/label>\n\t\t\t\t\t\t\t\t\t\t\t\t\t\t<input size=\"1\" type=\"text\" name=\"form_fields[nachname]\" id=\"form-field-nachname\" class=\"elementor-field elementor-size-lg  elementor-field-textual\" placeholder=\"Nachname*\" required=\"required\">\n\t\t\t\t\t\t\t\t\t\t\t<\/div>\n\t\t\t\t\t\t\t\t<div class=\"elementor-field-type-text elementor-field-group elementor-column elementor-field-group-field_c148e81 elementor-col-50\">\n\t\t\t\t\t\t\t\t\t\t\t\t<label for=\"form-field-field_c148e81\" class=\"elementor-field-label\">\n\t\t\t\t\t\t\t\tTelefon\t\t\t\t\t\t\t<\/label>\n\t\t\t\t\t\t\t\t\t\t\t\t\t\t<input size=\"1\" type=\"text\" name=\"form_fields[field_c148e81]\" id=\"form-field-field_c148e81\" class=\"elementor-field elementor-size-lg  elementor-field-textual\" placeholder=\"Telefon\">\n\t\t\t\t\t\t\t\t\t\t\t<\/div>\n\t\t\t\t\t\t\t\t<div class=\"elementor-field-type-email elementor-field-group elementor-column elementor-field-group-email elementor-col-50 elementor-field-required\">\n\t\t\t\t\t\t\t\t\t\t\t\t<label for=\"form-field-email\" class=\"elementor-field-label\">\n\t\t\t\t\t\t\t\tE-Mail\t\t\t\t\t\t\t<\/label>\n\t\t\t\t\t\t\t\t\t\t\t\t\t\t<input size=\"1\" type=\"email\" name=\"form_fields[email]\" id=\"form-field-email\" class=\"elementor-field elementor-size-lg  elementor-field-textual\" placeholder=\"E-Mail*\" required=\"required\">\n\t\t\t\t\t\t\t\t\t\t\t<\/div>\n\t\t\t\t\t\t\t\t<div class=\"elementor-field-type-textarea elementor-field-group elementor-column elementor-field-group-field_afc7299 elementor-col-100\">\n\t\t\t\t\t<textarea class=\"elementor-field-textual elementor-field  elementor-size-lg\" name=\"form_fields[field_afc7299]\" id=\"form-field-field_afc7299\" rows=\"5\" placeholder=\"Ihr Anliegen (optional)\"><\/textarea>\t\t\t\t<\/div>\n\t\t\t\t\t\t\t\t<div class=\"elementor-field-type-acceptance elementor-field-group elementor-column elementor-field-group-field_432b33c elementor-col-100 elementor-field-required\">\n\t\t\t\t\t\t\t<div class=\"elementor-field-subgroup\">\n\t\t\t<span class=\"elementor-field-option\">\n\t\t\t\t<input type=\"checkbox\" name=\"form_fields[field_432b33c]\" id=\"form-field-field_432b33c\" class=\"elementor-field elementor-size-lg  elementor-acceptance-field\" required=\"required\">\n\t\t\t\t<label for=\"form-field-field_432b33c\">Ich stimme zu, dass meine Angaben aus dem Kontaktformular zur Bearbeitung meiner Anfrage erhoben und verarbeitet werden. Die Daten werden nach abgeschlossener Bearbeitung Ihrer Anfrage gel\u00f6scht. Sie k\u00f6nnen Ihre Einwilligung jederzeit f\u00fcr die Zukunft per E-Mail an <a href=\"mailto:info@moebel-weirauch.de\">info@moebel-weirauch.de<\/a> widerrufen. Detaillierte Informationen zum Umgang mit Nutzerdaten finden Sie in unserer <a href=\"https:\/\/moebel-weirauch.de\/datenschutz\" target=\"_blank\">Datenschutzerkl\u00e4rung.<\/a> Mit einem *gekennzeichnete Felder sind Pflichtfelder.<\/label>\t\t\t<\/span>\n\t\t<\/div>\n\t\t\t\t\t\t<\/div>\n\t\t\t\t\t\t\t\t<div class=\"elementor-field-group elementor-column elementor-field-type-submit elementor-col-100 e-form__buttons\">\n\t\t\t\t\t<button class=\"elementor-button elementor-size-sm\" type=\"submit\">\n\t\t\t\t\t\t<span class=\"elementor-button-content-wrapper\">\n\t\t\t\t\t\t\t\t\t\t\t\t\t\t\t\t\t\t\t\t\t\t<span class=\"elementor-button-text\">Anfrage senden<\/span>\n\t\t\t\t\t\t\t\t\t\t\t\t\t<\/span>\n\t\t\t\t\t<\/button>\n\t\t\t\t<\/div>\n\t\t\t<\/div>\n\t\t<\/form>\n\t\t\t\t\t\t<\/div>\n\t\t\t\t<\/div>\n\t\t\t\t\t<\/div>\n\t\t<\/div>\n\t\t\t\t\t<\/div>\n\t\t<\/section>\n\t\t\t\t<\/div>\n\t\t","protected":false},"excerpt":{"rendered":"<p>Termin f\u00fcr Ihre pers\u00f6nliche Beratung\u200b Um Ihnen eine umfassende Beratung garantieren zu k\u00f6nnen, vereinbaren Sie am besten einen unverbindlichen Beratungstermin bei uns. Wir rufen Sie zur genauen Terminvereinbarung zur\u00fcck oder benachrichtigen Sie per E-Mail u\u0308ber den n\u00e4chstm\u00f6glichen Beratungstermin.<\/p>\n","protected":false},"author":1,"featured_media":0,"parent":0,"menu_order":0,"comment_status":"closed","ping_status":"closed","template":"","meta":{"footnotes":""},"class_list":["post-555","page","type-page","status-publish","hentry"],"_links":{"self":[{"href":"https:\/\/skp-werbeagentur.de\/kunden\/weirauch\/wp-json\/wp\/v2\/pages\/555","targetHints":{"allow":["GET"]}}],"collection":[{"href":"https:\/\/skp-werbeagentur.de\/kunden\/weirauch\/wp-json\/wp\/v2\/pages"}],"about":[{"href":"https:\/\/skp-werbeagentur.de\/kunden\/weirauch\/wp-json\/wp\/v2\/types\/page"}],"author":[{"embeddable":true,"href":"https:\/\/skp-werbeagentur.de\/kunden\/weirauch\/wp-json\/wp\/v2\/users\/1"}],"replies":[{"embeddable":true,"href":"https:\/\/skp-werbeagentur.de\/kunden\/weirauch\/wp-json\/wp\/v2\/comments?post=555"}],"version-history":[{"count":22,"href":"https:\/\/skp-werbeagentur.de\/kunden\/weirauch\/wp-json\/wp\/v2\/pages\/555\/revisions"}],"predecessor-version":[{"id":664,"href":"https:\/\/skp-werbeagentur.de\/kunden\/weirauch\/wp-json\/wp\/v2\/pages\/555\/revisions\/664"}],"wp:attachment":[{"href":"https:\/\/skp-werbeagentur.de\/kunden\/weirauch\/wp-json\/wp\/v2\/media?parent=555"}],"curies":[{"name":"wp","href":"https:\/\/api.w.org\/{rel}","templated":true}]}}